{"id":8,"date":"2018-02-16T09:14:18","date_gmt":"2018-02-16T09:14:18","guid":{"rendered":"http:\/\/trachtenverein-jachenau.de\/wordpress\/?page_id=8"},"modified":"2022-04-02T16:21:37","modified_gmt":"2022-04-02T14:21:37","slug":"vereinsgeschichte","status":"publish","type":"page","link":"http:\/\/trachtenverein-jachenau.de\/wordpress\/vereinsgeschichte\/","title":{"rendered":"Vereinsgeschichte"},"content":{"rendered":"<div class=\"wpb-content-wrapper\"><p>[vc_row full_width=&#8220;stretch_row_content_no_spaces&#8220; css=&#8220;.vc_custom_1522874411534{margin-top: -50px !important;background-image: url(http:\/\/trachtenverein-jachenau.de\/wordpress\/wp-content\/uploads\/2018\/03\/Sonnental-Jachenau.jpg?id=157) !important;background-position: center !important;background-repeat: no-repeat !important;background-size: cover !important;}&#8220; el_class=&#8220;headertrachtenverein&#8220;][vc_column][vc_empty_space height=&#8220;300px&#8220;][\/vc_column][\/vc_row][vc_row][vc_column][vc_column_text el_class=&#8220;ueberschriften&#8220;]<\/p>\n<h1>Vereinsgeschichte<\/h1>\n<p>[\/vc_column_text][\/vc_column][\/vc_row][vc_row][vc_column][vc_column_text]<\/p>\n<h4><strong>Der Gebirgstrachtenverein Jachenau e.V.<\/strong><\/h4>\n<p>Der Trachtenverein Jachenau wurde am 31. Juli 1948 beim \u201eHuberwirt\u201c in der Jachenau gegr\u00fcndet.<\/p>\n<p>Vor dem 2. Weltkrieg gab es schon eine Plattlergruppe, ebenso wurde seit langem Theater gespielt. Den Entschluss zur Vereinsgr\u00fcndung fanden einige M\u00e4nner, als sie fern von der Heimat waren, n\u00e4mlich in Krieg und Gefangenschaft, in besonderem Ma\u00dfe aber Kaspar Kohlhauf, der sp\u00e4ter Gr\u00fcndungsvorstand wurde.<br \/>\n31 Mitbegr\u00fcnder waren es, die den Verein aus der Taufe hoben. Buam und Madl\u2019n, die Freude am Zusammensein hatten und das Tanzen und Plattl\u2019n nach alter Tradition fortf\u00fchren wollten.<\/p>\n<p>Noch am Gr\u00fcndungstag wurde die Vorstandschaft gew\u00e4hlt. Hieraus gingen hervor:<br \/>\nVorstand:\u00a0\u00a0\u00a0\u00a0\u00a0\u00a0\u00a0\u00a0 \u00a0\u00a0 \u00a0\u00a0 Kaspar Kohlhauf<br \/>\nVorstand: \u00a0\u00a0\u00a0\u00a0\u00a0\u00a0\u00a0 \u00a0 \u00a0 \u00a0 Josef M\u00fcller<br \/>\nSchriftf\u00fchrer: \u00a0 \u00a0 \u00a0 Jakob \u00d6ttl<br \/>\nKassier: \u00a0\u00a0\u00a0\u00a0\u00a0\u00a0\u00a0\u00a0\u00a0\u00a0\u00a0 \u00a0 \u00a0\u00a0 Georg Kiefersauer<br \/>\n1. Vorplattler:\u00a0\u00a0\u00a0\u00a0\u00a0 Johann Kiefersauer<br \/>\nMan schloss sich noch im selben Jahr dem Oberlandler Gauverband (gegr. 1899) an.<\/p>\n<p>Die Jachenau geh\u00f6rt in die Gaugruppe T\u00f6lz (gegr. 1974), gemeinsam mit sechs weiteren Trachtenvereinen.<\/p>\n<p>Wie bisher zum Teil \u00fcblich, wird weiterhin der Werdenfelser Hut getragen. Zum Sch\u00fctzenstrumpf, der von der \u00f6rtlichen Sch\u00fctzenkompanie \u00fcbernommen wurde, tr\u00e4gt man die Miesbacher Joppe. Diese Tracht ist bis heute das \u201eguade Gwand\u201c der Trachtler. Der junge Verein hatte es anfangs schwer, denn ein Trachtenverein war im Jachental etwas Neues.<\/p>\n<p>Im Herbst 1948 wurde in M\u00fcnchen die Anfertigung einer Fahne in Auftrag gegeben. Am 18. Juni 1950 wurde die neue Fahne geweiht. Der Festabend fand am Vortag statt, zu den Trachtlern sprachen Landrat Dr. Gr\u00f6bner, sowie der Jachenauer B\u00fcrgermeister Anton Sachenbacher. Die Patenschaft \u00fcbernahm der Trachtenverein \u201eLenggries Stamm\u201c. Fahnenmutter wurde Frau Elisabeth Kohlhauf, Frl. Barbara \u00d6ttl die Fahnenbraut und die Wirtin des \u201eHuberwirts\u201c Frau Anna Burgmair wurde Herbergsmutter. Zum F\u00e4hnrich bestimmte man Sepp Happach. H.H. Pfarrer Josef Konrad (damals Pfarrer von Jachenau) zelebrierte den Gottesdienst und weihte die neue Fahne. Seine gro\u00dfe Freude \u00fcber den jungen Verein zeigte Gauvorstand Hans Seestaller. Ungef\u00e4hr 1.700 Trachtlerinnen und Trachtlern aus 43 Vereinen, sowie 9 Musikkapellen, gaben dem Verein die Ehre. Was allen Festteilnehmern wohl in Erinnerung ist, es hatte an diesem Fest geregnet und nochmals geregnet. Mittags hat es sich aber aufgetan und der Festzug konnte abgehalten werden. Es sei vermerkt, dass der Hofstetter Martl an diesem Tag seine Frau kennengelernt hat, ein Juwel, wie er sie einmal bezeichnet hat (beim 40j\u00e4hrigen Jubil\u00e4um in der Jachenau).<\/p>\n<p>Zum Gedenken an die Gefallenen und Vermissten des 2. Weltkriegs wurde erstmals durch Vereinsmitglieder im August 1949 auf dem Staffel\u00a0 ein Kreuz errichtet. Dieses wurde immer wieder in ehrw\u00fcrdiger Weise von den Trachtlern erneuert: August 1960, August 1980, Juli 1999 und nun anl\u00e4sslich des 70j\u00e4hrigen Gr\u00fcndungsjubil\u00e4um Einweihung des neuen Kreuzes im Juni 2018.<\/p>\n<p>Im Jahr 1949 organisierte erstmals der Trachtenverein beim \u201eHuberwirt\u201c ein Maibaumaufstellen.<\/p>\n<p>Seit 1957 wird im Wechsel mit der Sch\u00fctzenkompanie alle 3 Jahre ein Maibaum aufgestellt. Einschlie\u00dflich des Baumes 2015 wurden insgesamt 14 Maib\u00e4ume an die Trachtler gestiftet und aufgestellt. Au\u00dferhalb dieser Reihenfolge wurde 2003 ein neuer Baum aufstellt, da der Vorg\u00e4nger 2002 vom Blitz getroffen\u00a0 und gesch\u00e4digt wurde.<\/p>\n<p>Im Jahre 1952 am Pfingstmontag, wurde der erste Jahrtag abgehalten, woraus man erkennen kann, dass sich der Verein im Ortsbild erst einreihen musste. Durch gutes Auftreten in der Gesellschaftsordnung fand der Verein doch bald seine Anerkennung. Wie wichtig zur damaligen Zeit die kirchlichen Feste waren, konnte man daran sehen, dass 1953 kein Jahrtag des Trachtenvereins stattfand, da zu diesem Zeitpunkt in der Pfarrkirche Hl. Mission war und die einzelnen Standeslehren auch au\u00dferhalb der Gottesdienste abgehalten wurden.<\/p>\n<p>Die Burschen lernten anfangs das Platteln in der Werkstatt von Kassier Georg Kiefersauer, ansonsten waren die Plattlergruppen im Vereinslokal, beim Huberwirt.<br \/>\n1972 beteiligte sich der Verein nach reichlichen \u00dcberlegungen am Bau des Sch\u00fctzenhauses, welches dann ein Jahr sp\u00e4ter eingeweiht wurde. Der Trachtenverein ist zusammen mit drei weiteren Ortsvereinen nun Eigent\u00fcmer dieses Hauses. Mit der Fertigstellung des Sch\u00fctzenhauses wurden nun die Proben und auch Heimatabende im Sch\u00fctzenhaussaal veranstaltet.<\/p>\n<p>Im September 1973 feierte der Verein sein 25j\u00e4hriges Gr\u00fcndungsfest. Ein gro\u00dfer Festabend am Vortag, sowie am 23.09. der Jubil\u00e4umstag mit kirchlicher Feier im Mittelpunkt und die Festversammlung mit Ehrungen, geh\u00f6rten zu den H\u00f6hepunkten der Festlichkeiten.<\/p>\n<p>Der Patenverein aus Lenggries gab uns die Ehre. Im Namen des Oberlandler Gauverbandes gratulierte der 2. Gauvorstand, Martl Hofstetter, dem Jachenauer Trachtenverein.<\/p>\n<p>Nachdem Kaspar Kohlhauf 27 Jahre den Verein ohne Unterbrechung gef\u00fchrt hatte, kandidierte er 1975 aus gesundheitlichen Gr\u00fcnden nicht mehr f\u00fcr den 1. Vorstand, und wurde zum Ehrenvorstand ernannt.<br \/>\nPeter Gilg tritt als sein Nachfolger das Amt des 1. Vorstandes an.<br \/>\n1978 wird Benedikt Fischer zum Vorstand gew\u00e4hlt.<\/p>\n<p>Gro\u00dfe Erfolge erzielte die Plattergruppe beim Gauwertungsplatteln. Die erste Teilnahme war 1957, bis heute waren es allein 22 Siege. Eine ganz besondere Leistung beim Preisplatteln war die Siegesserie von 1968 \u2013 1975 mit 8 Siegen hintereinander.<\/p>\n<p>Jakob Kohlhauf f\u00fchrte ab 1978 offiziell eine Jugendgruppe.<br \/>\nVorher hatte Peter Gilg der Jugend das Plattl\u2019n und Tanzen gelernt.<\/p>\n<p>Am 14. November 1979 verstarb unser Ehren- und Gr\u00fcndungsvorstand Kaspar Kohlhauf.<\/p>\n<p>Beim Jahrtag 1985 r\u00fcckten zum ersten Mal die verheirateten Frauen im Kirchengwand aus und nehmen seither auch an der Jahresversammlung teil, vorher waren nur die aktiven Dirndl\u2019n anwesend.<\/p>\n<p>Die urspr\u00fcngliche Satzung aus dem Jahr 1948 wurde 1987 \u00fcberarbeitet und von der Generalversammlung einstimmig angenommen. Die heutige Fassung hat Bestand seit 1993.<br \/>\nDer Verein beantragte den Eintrag ins Vereinsregister und tr\u00e4gt seither den \u201ee.V.\u201c im Namen.<\/p>\n<p>Ein sch\u00f6ner Festtag war das 40j\u00e4hrige Gr\u00fcndungsjubil\u00e4um am 23. Mai 1988.<br \/>\nDie Gauvorstandschaft und sonstige Trachtlerpioniere gaben uns die Ehre. Der Patenverein \u201eLenggries Stamm\u201c war am Vormittag und zum abendlichen Festball gekommen. Gefeiert wurde sonst im bescheidenen Rahmen, Kirche, anschlie\u00dfend ein kleiner Festzug durch unser Dorf, dann standen im Sch\u00fctzenhaus die Gr\u00fcndungsmitglieder im Vordergrund.<\/p>\n<p>Auf Wunsch des Gauvorstandes zelebrierte an Christi Himmelfahrt 1989 unser Pfarrer, Herr Geistlicher Rat Rudolf Albert, f\u00fcr die Wallfahrer der Trachtenvereine in Birkenstein die Hl. Messe. Die ehrenvolle Aufgabe der Patenschaft wurde uns am 24. Juni 1990 bei den \u201eKirchstoana T\u00f6lz\u201c zuteil.<\/p>\n<p>Zu den wichtigsten Mitgliedern im Verein geh\u00f6ren die Vereinsmusiker, diese waren lange Zeit Toni Danner und Sepp Oswald. Die beiden spielten auch weit \u00fcber ein Jahrzehnt f\u00fcr das Gauwertungsplatteln. F\u00fcr 20 Jahre Probenmusikanten wurden beide im Dezember 1997 vom Gau geehrt. Beim 60. Vereinsjahrtag 2008 wurden beide Ehrenmitglieder des Vereins.<\/p>\n<p>\u00dcber drei Jahrzehnte kam der Gauvorplattler schon aus dem Jachenauer Verein.<br \/>\nPeter Gilg belegte das Amt von 1960-1979, nach ihm folgte Hans Schwaiger \u201eHeisn\u201c von 1979-1997.<br \/>\nHans Schwaiger und Jakob Kohlhauf waren beide lange in der Jugendarbeit des Vereins t\u00e4tig.<br \/>\nF\u00fcr 18 Jahre Jungendarbeit wurden beide Dezember 1997 vom Gau geehrt.<\/p>\n<p>Das Engagement endet f\u00fcr die Trachtler trotz der Ehrungen nicht. Als 2. Gauvorstand war Hans Schwaiger von 1997-2005 t\u00e4tig, seit 2005 ist er 1. Vorstand des Oberlandler Gauverbands. Besonders durch seine Rede \u00fcber die Heimat und die Entwicklung des Landlebens hatte er sowohl beim Jahrtag 2017 des Trachtenvereins und auch beim Gaufest den Zuh\u00f6rern aus der Seele gesprochen.<\/p>\n<p>Das 50j\u00e4hrige Jubil\u00e4um wurde mit einem Bierzelt von 17. \u2013 20.07.1998 feierlich begangen. Am Freitag fand der Festabend statt. Nach der Ehrung der Gr\u00fcndungsmitglieder, war der weitere H\u00f6hepunkt des Abends der Kronentanz mit 16 Paaren. Am Samstag spielte das Mondschein Quintett. Am Sonntag wurde der Festgottesdienst von Pfarrer Rudolf Albert zelebriert. Die Festrede hielt Thomas Gerstlach, beides wurde verfolgt von zahlreichen (Nachbar-)Vereinen und Musikkapellen, insgesamt waren es rund 900 Festg\u00e4ste beim Festzug.<\/p>\n<p>Im Vereinsjahr 1999 gibt Benedikt Fischer nach 21 Jahren am Jahrtag sein Vorstandsamt an Jakob Kohlhauf ab.<\/p>\n<p>Das 100j\u00e4hrige Jubil\u00e4um des Gauverbandes wurde mit Bergfeuern an der Benediktenwand und am Jochberg am 14.08.1999 gefeiert.<\/p>\n<p>Im Jahr 2000 wird der langj\u00e4hrige Vorstand Benedikt Fischer zum Ehrenvorstand ernannt.<\/p>\n<p>Das Sch\u00fctzenhaus wurde 2002 durch einen Gesellschaftervertrag und Gr\u00fcndung einer GbR ins neue Jahrtausend gebracht. Es sind weiterhin die 4 Tr\u00e4gervereine, die gemeinsam f\u00fcr den An- und Umbau Verantwortung tragen. In vielen freiwilligen Arbeitsstunden wurde alles in Eigenleistung erbracht und voller Freude 2004 feierlich wieder eingeweiht. Die Weihe nahm H.H. Rechenmacher vor.<\/p>\n<p>Beim Jahrtag 2005 wurde erstmals zu\u00a0 einem Ehemaligentreffen der Aktiven geladen. Da es eine sehr gelungene Veranstaltung war und auch gut besucht war, nahm man die Idee 2008 nochmals auf und lud zum 60j\u00e4hrigen Jubil\u00e4um wieder ein. Eine sch\u00f6ne Erinnerung ist die Aufnahme eines Gruppenbildes mit allen geladenen G\u00e4sten.<\/p>\n<p>Als f\u00fcr das Gaufest im Jahr 2015 kein Veranstalter gefunden wurde, erkl\u00e4rte sich unser Patenverein \u201eLenggries Stamm\u201c dazu bereit das Gaufest auszurichten. Da es uns in der Jachenau nicht m\u00f6glich ist, ein Gaufest auszurichten, schloss man sich hier zusammen.<\/p>\n<p>Im Jahr 2015 wurde am 30.05. der letzte Vereinsball gefeiert, da die Besucher leider stetig weniger wurden.<\/p>\n<p>2017 &#8211; nach 18 Jahren &#8211; gab Jakob Kohlhauf sein Amt am Vereinsjahrtag in die H\u00e4nde von Andreas Orterer.<\/p>\n<p>Im Dezember 2017 wurde beim Ehrentag f\u00fcr Ehrenamtliche aus den Reihen des Bayerischen Trachtenverbandes im Trachtenkulturzentrum in Holzhausen Hans Schwaiger geehrt.<br \/>\nF\u00fcr seine 17 Jahre als 1. Gauvorplattler, \u00fcber 20 Jahre 2. und 1. Gauvorstand sowie 11 Jahre Revisor im Bayerischen Trachtenverband erhielt er die Lehrer-Vogl-Medaille in Silber.<\/p>\n<p>Auch bei Jakob Kohlhauf endet seine T\u00e4tigkeit mit der Abgabe des Vorstandsamtes nicht, er ist immer noch in der Gaugruppe als Vorstand aktiv und unterst\u00fctzt weiterhin den Verein. Beim Jubil\u00e4umsjahrtag 2018 wird Jakob Kohlhauf zum Ehrenvorstand ernannt.<\/p>\n<p>Der 72. Jahrtag des Vereins konnte coronabedingt nicht stattfinden.<\/p>\n<p>Den 73. Jahrtag des Vereins mit Neuwahlen und Ehrungen durften wir im Herbst 2021 mit Corona-Auflagen durchf\u00fchren.<\/p>\n<p>Hans Schwaiger wurde zum Ehrenmitglied des Jachenauer Trachtenvereins ernannt.<br \/>\nEr war von 1972 bis 1978 1. Vorplattler in unserem Verein. Von 1996 bis 2006 war er 2. Gauvorstand des Oberlandler Gauverbands und wurde von 2006 bis 2021 zum 1. Gauvorstand des Verbands gew\u00e4hlt. Trotz der vielen Aufgaben und Termine im Gauverband, hielt er stets die Treue und Verbundenheit zu seinem Heimatverein.[\/vc_column_text][\/vc_column][\/vc_row]<\/p>\n<\/div>","protected":false},"excerpt":{"rendered":"<p>[vc_row full_width=&#8220;stretch_row_content_no_spaces&#8220; css=&#8220;.vc_custom_1522874411534{margin-top: -50px !important;background-image: url(http:\/\/trachtenverein-jachenau.de\/wordpress\/wp-content\/uploads\/2018\/03\/Sonnental-Jachenau.jpg?id=157) !important;background-position: center !important;background-repeat: no-repeat !important;background-size: cover !important;}&#8220; el_class=&#8220;headertrachtenverein&#8220;][vc_column][vc_empty_space height=&#8220;300px&#8220;][\/vc_column][\/vc_row][vc_row][vc_column][vc_column_text el_class=&#8220;ueberschriften&#8220;] Vereinsgeschichte [\/vc_column_text][\/vc_column][\/vc_row][vc_row][vc_column][vc_column_text] Der Gebirgstrachtenverein Jachenau e.V. Der Trachtenverein Jachenau wurde am 31. Juli 1948 beim \u201eHuberwirt\u201c in der Jachenau gegr\u00fcndet. Vor dem 2. Weltkrieg gab es schon eine Plattlergruppe, ebenso wurde seit langem Theater gespielt. Den Entschluss zur Vereinsgr\u00fcndung&#8230;<\/p>\n","protected":false},"author":1,"featured_media":0,"parent":0,"menu_order":0,"comment_status":"closed","ping_status":"closed","template":"visual-composer.php","meta":{"footnotes":""},"class_list":["post-8","page","type-page","status-publish","hentry"],"jetpack_sharing_enabled":true,"jetpack_shortlink":"https:\/\/wp.me\/P9NVvq-8","_links":{"self":[{"href":"http:\/\/trachtenverein-jachenau.de\/wordpress\/wp-json\/wp\/v2\/pages\/8","targetHints":{"allow":["GET"]}}],"collection":[{"href":"http:\/\/trachtenverein-jachenau.de\/wordpress\/wp-json\/wp\/v2\/pages"}],"about":[{"href":"http:\/\/trachtenverein-jachenau.de\/wordpress\/wp-json\/wp\/v2\/types\/page"}],"author":[{"embeddable":true,"href":"http:\/\/trachtenverein-jachenau.de\/wordpress\/wp-json\/wp\/v2\/users\/1"}],"replies":[{"embeddable":true,"href":"http:\/\/trachtenverein-jachenau.de\/wordpress\/wp-json\/wp\/v2\/comments?post=8"}],"version-history":[{"count":13,"href":"http:\/\/trachtenverein-jachenau.de\/wordpress\/wp-json\/wp\/v2\/pages\/8\/revisions"}],"predecessor-version":[{"id":1206,"href":"http:\/\/trachtenverein-jachenau.de\/wordpress\/wp-json\/wp\/v2\/pages\/8\/revisions\/1206"}],"wp:attachment":[{"href":"http:\/\/trachtenverein-jachenau.de\/wordpress\/wp-json\/wp\/v2\/media?parent=8"}],"curies":[{"name":"wp","href":"https:\/\/api.w.org\/{rel}","templated":true}]}}