{"id":6,"date":"2018-02-16T09:13:39","date_gmt":"2018-02-16T09:13:39","guid":{"rendered":"http:\/\/trachtenverein-jachenau.de\/wordpress\/?page_id=6"},"modified":"2024-02-09T20:28:29","modified_gmt":"2024-02-09T19:28:29","slug":"der-verein","status":"publish","type":"page","link":"http:\/\/trachtenverein-jachenau.de\/wordpress\/","title":{"rendered":"Der Verein"},"content":{"rendered":"<div class=\"wpb-content-wrapper\"><p>[vc_row full_width=&#8220;stretch_row_content_no_spaces&#8220; css=&#8220;.vc_custom_1522872558684{margin-top: -50px !important;background-image: url(http:\/\/trachtenverein-jachenau.de\/wordpress\/wp-content\/uploads\/2018\/03\/Sonnental-Jachenau.jpg?id=157) !important;background-position: center !important;background-repeat: no-repeat !important;background-size: cover !important;}&#8220; el_class=&#8220;headertrachtenverein&#8220;][vc_column][vc_empty_space height=&#8220;300px&#8220;][\/vc_column][\/vc_row][vc_row][vc_column][vc_empty_space][\/vc_column][\/vc_row][vc_row][vc_column width=&#8220;1\/6&#8243;][\/vc_column][vc_column width=&#8220;2\/3&#8243;][vc_column_text]<\/p>\n<h1 style=\"text-align: center;\">Herzlich Willkommen<\/h1>\n<h2 style=\"text-align: center;\">beim Gebirgstrachtenverein Jachenau e.V.<\/h2>\n<p>[\/vc_column_text][vc_row_inner][vc_column_inner][vc_column_text][\/vc_column_text][\/vc_column_inner][\/vc_row_inner][vc_row_inner][vc_column_inner][\/vc_column_inner][\/vc_row_inner][\/vc_column][vc_column width=&#8220;1\/6&#8243;][\/vc_column][\/vc_row][vc_row][vc_column width=&#8220;1\/6&#8243;][\/vc_column][vc_column width=&#8220;2\/3&#8243;][vc_column_text]<\/p>\n<p style=\"text-align: center;\">Wir freuen uns, mit dieser Webseite allen Mitgliedern, G\u00e4sten und Interessierten eine M\u00f6glichkeit zu geben, sich \u00fcber unseren Verein und unsere Aktivit\u00e4ten zu informieren.<\/p>\n<p>&nbsp;<\/p>\n<p>[\/vc_column_text][\/vc_column][vc_column width=&#8220;1\/6&#8243;][\/vc_column][\/vc_row][vc_row][vc_column width=&#8220;1\/4&#8243;][\/vc_column][vc_column width=&#8220;1\/2&#8243;][vc_gallery type=&#8220;flexslider_slide&#8220; interval=&#8220;3&#8243; images=&#8220;1483,798,1029,1435,1401,551,1403,1472&#8243; img_size=&#8220;full&#8220; onclick=&#8220;img_link_large&#8220;][\/vc_column][vc_column width=&#8220;1\/4&#8243;][\/vc_column][\/vc_row]<\/p>\n<\/div>","protected":false},"excerpt":{"rendered":"<p>[vc_row full_width=&#8220;stretch_row_content_no_spaces&#8220; css=&#8220;.vc_custom_1522872558684{margin-top: -50px !important;background-image: url(http:\/\/trachtenverein-jachenau.de\/wordpress\/wp-content\/uploads\/2018\/03\/Sonnental-Jachenau.jpg?id=157) !important;background-position: center !important;background-repeat: no-repeat !important;background-size: cover !important;}&#8220; el_class=&#8220;headertrachtenverein&#8220;][vc_column][vc_empty_space height=&#8220;300px&#8220;][\/vc_column][\/vc_row][vc_row][vc_column][vc_empty_space][\/vc_column][\/vc_row][vc_row][vc_column width=&#8220;1\/6&#8243;][\/vc_column][vc_column width=&#8220;2\/3&#8243;][vc_column_text] Herzlich Willkommen beim Gebirgstrachtenverein Jachenau e.V. [\/vc_column_text][vc_row_inner][vc_column_inner][vc_column_text][\/vc_column_text][\/vc_column_inner][\/vc_row_inner][vc_row_inner][vc_column_inner][\/vc_column_inner][\/vc_row_inner][\/vc_column][vc_column width=&#8220;1\/6&#8243;][\/vc_column][\/vc_row][vc_row][vc_column width=&#8220;1\/6&#8243;][\/vc_column][vc_column width=&#8220;2\/3&#8243;][vc_column_text] Wir freuen uns, mit dieser Webseite allen Mitgliedern, G\u00e4sten und Interessierten eine M\u00f6glichkeit zu geben, sich \u00fcber unseren Verein und unsere Aktivit\u00e4ten zu informieren. &nbsp; [\/vc_column_text][\/vc_column][vc_column width=&#8220;1\/6&#8243;][\/vc_column][\/vc_row][vc_row][vc_column width=&#8220;1\/4&#8243;][\/vc_column][vc_column&#8230;<\/p>\n","protected":false},"author":1,"featured_media":0,"parent":0,"menu_order":0,"comment_status":"closed","ping_status":"closed","template":"visual-composer.php","meta":{"footnotes":""},"class_list":["post-6","page","type-page","status-publish","hentry"],"jetpack_sharing_enabled":true,"jetpack_shortlink":"https:\/\/wp.me\/P9NVvq-6","_links":{"self":[{"href":"http:\/\/trachtenverein-jachenau.de\/wordpress\/wp-json\/wp\/v2\/pages\/6","targetHints":{"allow":["GET"]}}],"collection":[{"href":"http:\/\/trachtenverein-jachenau.de\/wordpress\/wp-json\/wp\/v2\/pages"}],"about":[{"href":"http:\/\/trachtenverein-jachenau.de\/wordpress\/wp-json\/wp\/v2\/types\/page"}],"author":[{"embeddable":true,"href":"http:\/\/trachtenverein-jachenau.de\/wordpress\/wp-json\/wp\/v2\/users\/1"}],"replies":[{"embeddable":true,"href":"http:\/\/trachtenverein-jachenau.de\/wordpress\/wp-json\/wp\/v2\/comments?post=6"}],"version-history":[{"count":61,"href":"http:\/\/trachtenverein-jachenau.de\/wordpress\/wp-json\/wp\/v2\/pages\/6\/revisions"}],"predecessor-version":[{"id":1507,"href":"http:\/\/trachtenverein-jachenau.de\/wordpress\/wp-json\/wp\/v2\/pages\/6\/revisions\/1507"}],"wp:attachment":[{"href":"http:\/\/trachtenverein-jachenau.de\/wordpress\/wp-json\/wp\/v2\/media?parent=6"}],"curies":[{"name":"wp","href":"https:\/\/api.w.org\/{rel}","templated":true}]}}