{"id":23,"date":"2018-02-16T09:21:51","date_gmt":"2018-02-16T09:21:51","guid":{"rendered":"http:\/\/trachtenverein-jachenau.de\/wordpress\/?page_id=23"},"modified":"2022-05-17T16:01:10","modified_gmt":"2022-05-17T14:01:10","slug":"jugend","status":"publish","type":"page","link":"http:\/\/trachtenverein-jachenau.de\/wordpress\/jugend\/","title":{"rendered":"Jugend"},"content":{"rendered":"<div class=\"wpb-content-wrapper\"><p>[vc_row full_width=&#8220;stretch_row_content_no_spaces&#8220; css=&#8220;.vc_custom_1522874065846{margin-top: -50px !important;background-image: url(http:\/\/trachtenverein-jachenau.de\/wordpress\/wp-content\/uploads\/2018\/03\/Sonnental-Jachenau.jpg?id=157) !important;background-position: center !important;background-repeat: no-repeat !important;background-size: cover !important;}&#8220; el_class=&#8220;headertrachtenverein&#8220;][vc_column][vc_empty_space height=&#8220;300px&#8220;][\/vc_column][\/vc_row][vc_row][vc_column][vc_column_text el_id=&#8220;ueberschriften&#8220; el_class=&#8220;ueberschriften&#8220;]<\/p>\n<h1>Jugend<\/h1>\n<p>[\/vc_column_text][\/vc_column][\/vc_row][vc_row][vc_column][vc_column_text]<\/p>\n<h4><strong>Jachenauer Trachtlerjugend<\/strong><\/h4>\n<p>Unsere Trachtlerjugend umfasst zurzeit kapp 70 Kinder, welche von den beiden Jugendleitern Jakob Kohlhauf jun., Hansi Kohlhauf und Christine Adlwarth geleitet werden.<\/p>\n<p>Die Proben beginnen jedes Jahr eine Woche nach Ostern und gehen den ganzen Sommer \u00fcber bis Oktober, immer dienstags von 18:30 Uhr bis 20:00 Uhr.<\/p>\n<p>Da es eine sehr gro\u00dfe Gruppe an Nachwuchsplattler ist, wurde nun auch Mittwochs von 18:00 Uhr bis 19:30 Uhr eine Plattlerprobe festgelegt.<\/p>\n<p>In den Proben \u00fcben wir mit den Kindern das Platteln f\u00fcr das Preisplatteln und auch f\u00fcr die Auftritte an den Heimatabenden. Somit haben wir \u00fcber den ganzen Sommer Ziele vor Augen, f\u00fcr welche wir \u00fcben.<\/p>\n<p>Einmal im Jahr haben wir einen Ausflug mit der Jugend. Hier machten wir 2017 eine Veranstaltung, wo wir uns in 3 Gruppen aufteilten und je eine Gruppe beim Stockschie\u00dfen, beim Tischkegeln und beim Schie\u00dfen waren. Hier spielten wir dann den internen Wanderpokal aus. Nach diesem Wettkampf ging es zur Siegerehrung und zum Grillen zu unserem Jugendleiter. Hier k\u00f6nnen die Kinder diesen sch\u00f6nen Tag toll ausklingen lassen.<\/p>\n<p>Es ist nicht nur f\u00fcr die Kinder supersch\u00f6n, dass wir eine so starke Jugend haben und noch dazu eine so Erfolgreiche.[\/vc_column_text][\/vc_column][\/vc_row]<\/p>\n<\/div>","protected":false},"excerpt":{"rendered":"<p>[vc_row full_width=&#8220;stretch_row_content_no_spaces&#8220; css=&#8220;.vc_custom_1522874065846{margin-top: -50px !important;background-image: url(http:\/\/trachtenverein-jachenau.de\/wordpress\/wp-content\/uploads\/2018\/03\/Sonnental-Jachenau.jpg?id=157) !important;background-position: center !important;background-repeat: no-repeat !important;background-size: cover !important;}&#8220; el_class=&#8220;headertrachtenverein&#8220;][vc_column][vc_empty_space height=&#8220;300px&#8220;][\/vc_column][\/vc_row][vc_row][vc_column][vc_column_text el_id=&#8220;ueberschriften&#8220; el_class=&#8220;ueberschriften&#8220;] Jugend [\/vc_column_text][\/vc_column][\/vc_row][vc_row][vc_column][vc_column_text] Jachenauer Trachtlerjugend Unsere Trachtlerjugend umfasst zurzeit kapp 70 Kinder, welche von den beiden Jugendleitern Jakob Kohlhauf jun., Hansi Kohlhauf und Christine Adlwarth geleitet werden. Die Proben beginnen jedes Jahr eine Woche nach Ostern und gehen den&#8230;<\/p>\n","protected":false},"author":1,"featured_media":0,"parent":0,"menu_order":0,"comment_status":"closed","ping_status":"closed","template":"visual-composer.php","meta":{"footnotes":""},"class_list":["post-23","page","type-page","status-publish","hentry"],"jetpack_sharing_enabled":true,"jetpack_shortlink":"https:\/\/wp.me\/P9NVvq-n","_links":{"self":[{"href":"http:\/\/trachtenverein-jachenau.de\/wordpress\/wp-json\/wp\/v2\/pages\/23","targetHints":{"allow":["GET"]}}],"collection":[{"href":"http:\/\/trachtenverein-jachenau.de\/wordpress\/wp-json\/wp\/v2\/pages"}],"about":[{"href":"http:\/\/trachtenverein-jachenau.de\/wordpress\/wp-json\/wp\/v2\/types\/page"}],"author":[{"embeddable":true,"href":"http:\/\/trachtenverein-jachenau.de\/wordpress\/wp-json\/wp\/v2\/users\/1"}],"replies":[{"embeddable":true,"href":"http:\/\/trachtenverein-jachenau.de\/wordpress\/wp-json\/wp\/v2\/comments?post=23"}],"version-history":[{"count":13,"href":"http:\/\/trachtenverein-jachenau.de\/wordpress\/wp-json\/wp\/v2\/pages\/23\/revisions"}],"predecessor-version":[{"id":1244,"href":"http:\/\/trachtenverein-jachenau.de\/wordpress\/wp-json\/wp\/v2\/pages\/23\/revisions\/1244"}],"wp:attachment":[{"href":"http:\/\/trachtenverein-jachenau.de\/wordpress\/wp-json\/wp\/v2\/media?parent=23"}],"curies":[{"name":"wp","href":"https:\/\/api.w.org\/{rel}","templated":true}]}}