{"id":141,"date":"2018-03-29T08:04:58","date_gmt":"2018-03-29T08:04:58","guid":{"rendered":"http:\/\/trachtenverein-jachenau.de\/wordpress\/?page_id=141"},"modified":"2022-01-09T23:44:36","modified_gmt":"2022-01-09T22:44:36","slug":"impressum","status":"publish","type":"page","link":"http:\/\/trachtenverein-jachenau.de\/wordpress\/impressum\/","title":{"rendered":"Impressum"},"content":{"rendered":"<div class=\"wpb-content-wrapper\"><p>[vc_row full_width=&#8220;stretch_row_content_no_spaces&#8220; css=&#8220;.vc_custom_1522873979806{margin-top: -50px !important;background-image: url(http:\/\/trachtenverein-jachenau.de\/wordpress\/wp-content\/uploads\/2018\/03\/Sonnental-Jachenau.jpg?id=157) !important;background-position: center !important;background-repeat: no-repeat !important;background-size: cover !important;}&#8220; el_class=&#8220;headertrachtenverein&#8220;][vc_column][vc_empty_space height=&#8220;300px&#8220;][\/vc_column][\/vc_row][vc_row][vc_column][vc_custom_heading text=&#8220;Impressum&#8220; font_container=&#8220;tag:h2|text_align:left|color:%231b5114&#8243; use_theme_fonts=&#8220;yes&#8220; link=&#8220;|||&#8220;][\/vc_column][\/vc_row][vc_row][vc_column][vc_column_text]<\/p>\n<h4><strong>Angaben gem\u00e4\u00df \u00a7 5 TMG:<\/strong><\/h4>\n<p>Gebirgstrachtenverein Jachenau e.V.<br \/>\nAndreas Orterer<br \/>\nAm Rechen<br \/>\n83676 Jachenau<br \/>\nTelefon: 08043 \/ 918726<br \/>\nE-Mail: gebirgstrachtenverein-jachenau@t-online.de<\/p>\n<h4><strong>Registereintrag:<\/strong><\/h4>\n<p>Eintragung im Vereinsregister.<br \/>\nRegistergericht: Amtsgericht Wolfratshausen<br \/>\nRegisternummer: 0520<\/p>\n<h4><strong>Umsatzsteuer:<\/strong><\/h4>\n<p>Umsatzsteuer-Identifikationsnummer gem\u00e4\u00df \u00a727 a Umsatzsteuergesetz:<br \/>\n139\/108\/60369<\/p>\n<h4><strong>Haftung f\u00fcr Inhalte:<\/strong><\/h4>\n<p>Als Diensteanbieter sind wir gem\u00e4\u00df \u00a7 7 Abs.1 TMG f\u00fcr eigene Inhalte auf diesen Seiten nach den allgemeinen Gesetzen verantwortlich. Nach \u00a7\u00a7 8 bis 10 TMG sind wir als Diensteanbieter jedoch nicht verpflichtet, \u00fcbermittelte oder gespeicherte fremde Informationen zu \u00fcberwachen oder nach Umst\u00e4nden zu forschen, die auf<br \/>\neine rechtswidrige T\u00e4tigkeit hinweisen.<\/p>\n<p>Verpflichtungen zur Entfernung oder Sperrung der Nutzung von Informationen nach den allgemeinen Gesetzen bleiben hiervon unber\u00fchrt. Eine diesbez\u00fcgliche Haftung ist jedoch erst ab dem Zeitpunkt der Kenntnis einer konkreten Rechtsverletzung m\u00f6glich. Bei Bekanntwerden von entsprechenden Rechtsverletzungen werden wir diese Inhalte umgehend entfernen.<\/p>\n<h4><strong>Haftung f\u00fcr Links:<\/strong><\/h4>\n<p>Unser Angebot enth\u00e4lt Links zu externen Websites Dritter, auf deren Inhalte wir keinen Einfluss haben. Deshalb k\u00f6nnen wir f\u00fcr diese fremden Inhalte auch keine Gew\u00e4hr \u00fcbernehmen. F\u00fcr die Inhalte der verlinkten Seiten ist stets der jeweilige Anbieter oder Betreiber der Seiten verantwortlich. Die verlinkten Seiten wurden zum Zeitpunkt der Verlinkung auf m\u00f6gliche Rechtsverst\u00f6\u00dfe \u00fcberpr\u00fcft. Rechtswidrige Inhalte waren zum Zeitpunkt der Verlinkung nicht erkennbar.<\/p>\n<p>Eine permanente inhaltliche Kontrolle der verlinkten Seiten ist jedoch ohne konkrete Anhaltspunkte einer Rechtsverletzung nicht zumutbar. Bei Bekanntwerden von Rechtsverletzungen werden wir derartige Links umgehend entfernen.<\/p>\n<h4><strong>Urheberrecht:<\/strong><\/h4>\n<p>Die durch die Seitenbetreiber erstellten Inhalte und Werke auf diesen Seiten unterliegen dem deutschen Urheberrecht. Die Vervielf\u00e4ltigung, Bearbeitung, Verbreitung und jede Art der Verwertung au\u00dferhalb der Grenzen des Urheberrechtes bed\u00fcrfen der schriftlichen Zustimmung des jeweiligen Autors bzw. Erstellers. Downloads und Kopien dieser Seite sind nur f\u00fcr den privaten, nicht kommerziellen Gebrauch gestattet.<\/p>\n<p>Soweit die Inhalte auf dieser Seite nicht vom Betreiber erstellt wurden, werden die Urheberrechte Dritter beachtet. Insbesondere werden Inhalte Dritter als solche gekennzeichnet. Sollten Sie trotzdem auf eine Urheberrechtsverletzung aufmerksam werden, bitten wir um einen entsprechenden Hinweis. Bei Bekanntwerden von Rechtsverletzungen werden wir derartige Inhalte umgehend entfernen.<\/p>\n<h4><strong>Haftungshinweis:<\/strong><\/h4>\n<p>Wir erstellen die Seiten dieses Internetauftritts mit gr\u00f6\u00dfter Sorgfalt und bem\u00fchen uns im Rahmen des Zumutbaren, richtige und vollst\u00e4ndige Informationen zur Verf\u00fcgung zu stellen. Wir \u00fcbernehmen keine Haftung, Gew\u00e4hr oder Garantie f\u00fcr Vollst\u00e4ndigkeit, Aktualit\u00e4t, Richtigkeit oder Eignung der Inhalte. Die Nutzung der zur Verf\u00fcgung gestellten Inhalte erfolgt auf alleinige Gefahr des Verwenders. Gleiches gilt f\u00fcr Links, auf die direkt oder indirekt verwiesen wird. F\u00fcr den Inhalt der verlinkten Seiten sind ausschlie\u00dflich deren Betreiber verantwortlich. Wir behalten uns vor, Informationen ohne vorherige Ank\u00fcndigung zu \u00e4ndern oder zu erg\u00e4nzen.<\/p>\n<h4><strong>Keine Abmahnung ohne vorherigen Kontakt:<\/strong><\/h4>\n<p>Sollte der Inhalt oder die Aufmachung dieser Seite Rechte Dritter oder gesetzlicher Bestimmungen verletzen, so bitten wir um eine entsprechende Nachricht ohne Kostennote. Wir garantieren, dass zu Recht beanstandete Passagen unverz\u00fcglich entfernt oder ge\u00e4ndert werden, ohne dass von Ihrer Seite die Einschaltung eines Rechtsbeistandes erforderlich ist. Sollten Sie gleichwohl einen Anwalt beauftragen, k\u00f6nnen Sie dessen Kosten gem\u00e4\u00df \u00a7254 BGB nicht geltend machen.<\/p>\n<h4><strong>Gestaltung und Realisierung:<\/strong><\/h4>\n<p><a href=\"https:\/\/jennywieland-webdesign.de\/\" target=\"_blank\" rel=\"noopener\">Jenny Wieland | Webdesign<\/a><\/p>\n<h4><strong><\/p>\n<p><\/strong><\/h4>\n<p>[\/vc_column_text][\/vc_column][\/vc_row]<\/p>\n<\/div>","protected":false},"excerpt":{"rendered":"<p>[vc_row full_width=&#8220;stretch_row_content_no_spaces&#8220; css=&#8220;.vc_custom_1522873979806{margin-top: -50px !important;background-image: url(http:\/\/trachtenverein-jachenau.de\/wordpress\/wp-content\/uploads\/2018\/03\/Sonnental-Jachenau.jpg?id=157) !important;background-position: center !important;background-repeat: no-repeat !important;background-size: cover !important;}&#8220; el_class=&#8220;headertrachtenverein&#8220;][vc_column][vc_empty_space height=&#8220;300px&#8220;][\/vc_column][\/vc_row][vc_row][vc_column][vc_custom_heading text=&#8220;Impressum&#8220; font_container=&#8220;tag:h2|text_align:left|color:%231b5114&#8243; use_theme_fonts=&#8220;yes&#8220; link=&#8220;|||&#8220;][\/vc_column][\/vc_row][vc_row][vc_column][vc_column_text] Angaben gem\u00e4\u00df \u00a7 5 TMG: Gebirgstrachtenverein Jachenau e.V. Andreas Orterer Am Rechen 83676 Jachenau Telefon: 08043 \/ 918726 E-Mail: gebirgstrachtenverein-jachenau@t-online.de Registereintrag: Eintragung im Vereinsregister. Registergericht: Amtsgericht Wolfratshausen Registernummer: 0520 Umsatzsteuer: Umsatzsteuer-Identifikationsnummer gem\u00e4\u00df \u00a727 a Umsatzsteuergesetz: 139\/108\/60369&#8230;<\/p>\n","protected":false},"author":1,"featured_media":0,"parent":0,"menu_order":0,"comment_status":"closed","ping_status":"closed","template":"visual-composer.php","meta":{"footnotes":""},"class_list":["post-141","page","type-page","status-publish","hentry"],"jetpack_sharing_enabled":true,"jetpack_shortlink":"https:\/\/wp.me\/P9NVvq-2h","_links":{"self":[{"href":"http:\/\/trachtenverein-jachenau.de\/wordpress\/wp-json\/wp\/v2\/pages\/141","targetHints":{"allow":["GET"]}}],"collection":[{"href":"http:\/\/trachtenverein-jachenau.de\/wordpress\/wp-json\/wp\/v2\/pages"}],"about":[{"href":"http:\/\/trachtenverein-jachenau.de\/wordpress\/wp-json\/wp\/v2\/types\/page"}],"author":[{"embeddable":true,"href":"http:\/\/trachtenverein-jachenau.de\/wordpress\/wp-json\/wp\/v2\/users\/1"}],"replies":[{"embeddable":true,"href":"http:\/\/trachtenverein-jachenau.de\/wordpress\/wp-json\/wp\/v2\/comments?post=141"}],"version-history":[{"count":10,"href":"http:\/\/trachtenverein-jachenau.de\/wordpress\/wp-json\/wp\/v2\/pages\/141\/revisions"}],"predecessor-version":[{"id":1150,"href":"http:\/\/trachtenverein-jachenau.de\/wordpress\/wp-json\/wp\/v2\/pages\/141\/revisions\/1150"}],"wp:attachment":[{"href":"http:\/\/trachtenverein-jachenau.de\/wordpress\/wp-json\/wp\/v2\/media?parent=141"}],"curies":[{"name":"wp","href":"https:\/\/api.w.org\/{rel}","templated":true}]}}