{"id":11,"date":"2018-02-16T09:14:51","date_gmt":"2018-02-16T09:14:51","guid":{"rendered":"http:\/\/trachtenverein-jachenau.de\/wordpress\/?page_id=11"},"modified":"2022-04-05T21:32:22","modified_gmt":"2022-04-05T19:32:22","slug":"statuten","status":"publish","type":"page","link":"http:\/\/trachtenverein-jachenau.de\/wordpress\/statuten\/","title":{"rendered":"Statuten"},"content":{"rendered":"<div class=\"wpb-content-wrapper\"><p>[vc_row full_width=&#8220;stretch_row_content_no_spaces&#8220; css=&#8220;.vc_custom_1522874373904{margin-top: -50px !important;background-image: url(http:\/\/trachtenverein-jachenau.de\/wordpress\/wp-content\/uploads\/2018\/03\/Sonnental-Jachenau.jpg?id=157) !important;background-position: center !important;background-repeat: no-repeat !important;background-size: cover !important;}&#8220; el_class=&#8220;headertrachtenverein&#8220;][vc_column][vc_empty_space height=&#8220;300px&#8220;][\/vc_column][\/vc_row][vc_row][vc_column][vc_column_text el_class=&#8220;ueberschriften&#8220;]<\/p>\n<h1>Statuten<\/h1>\n<p>[\/vc_column_text][\/vc_column][\/vc_row][vc_row][vc_column][vc_column_text]<\/p>\n<p style=\"text-align: center;\">Beiblatt 1 in der Fassung vom 20. Mai 2013<\/p>\n<p style=\"text-align: left;\"><strong><u>Anmerkungen:<\/u><\/strong><\/p>\n<ol>\n<li>Die in <em>Kursiv <\/em>gedruckten Teile des nachfolgenden Wortlautes der Satzung sind, ebenso wie die Anlagen, nicht Bestandteil der Satzung in der Fassung vom 31. Mai 1993.<\/li>\n<li>Bei Unklarheiten oder in Zweifelsf\u00e4llen entscheidet die Urschrift der Satzung mit den acht Originalunterschriften in blauer Farbe letztinstanzlich.<\/li>\n<li>Anlage 1 und 2 entsprechen dem Sachstand vom 20. Mai 2013. Die Satzung vom 31. Mai 1993 wurde dabei unver\u00e4ndert \u00fcbernommen, auszutauschen sind somit nur Blatt zwei und die Anlagen 1 und 2.<\/li>\n<\/ol>\n<p>&nbsp;<\/p>\n<h5><strong><em>Vereinsgr\u00fcndung und Satzungs\u00e4nderungen, Pr\u00e4ambel<\/em><\/strong><\/h5>\n<p>Satzung des Gebirgstrachtenvereins Jachenau, errichtet durch Beschluss der ordentlichen Mitgliederversammlung am 31. Juli 1948, ge\u00e4ndert bei den Mitgliederversammlungen am 8. Juni 1987, 31. Mai 1993, 20. Mai 2013.<\/p>\n<p>&nbsp;<\/p>\n<p class=\"artikel\" style=\"text-align: center;\"><strong><u>Artikel 1<\/u><\/strong><\/p>\n<p>&nbsp;<\/p>\n<h5><strong><em>Name und Sitz des Vereins, sowie Gr\u00fcndungsdatum.<\/em><\/strong><\/h5>\n<p>Der Verein nennt sich GEBIRGSTRACHTENVEREIN JACHENAU mit Sitz in Jachenau, gegr\u00fcndet am 31. Juli 1948.<\/p>\n<p>&nbsp;<\/p>\n<p class=\"artikel\" style=\"text-align: center;\"><strong><u>Artikel II<\/u><\/strong><\/p>\n<p>&nbsp;<\/p>\n<h5><strong><em>Zweck und Ziele des Vereins und deren Verwirklichung, selbstlose T\u00e4tigkeit, Verwendung der finanziellen Mittel, Verm\u00f6gensregelung bei Aufl\u00f6sung, Aufhebung oder Wegfall des Vereinszwecks.<\/em><\/strong><\/h5>\n<p>Der Verein verfolgt ausschlie\u00dflich und unmittelbar gemeinn\u00fctzige kulturelle Zwecke.<\/p>\n<p>Zweck des Vereins ist Brauchtums- und Trachtenpflege. Der Satzungszweck wird verwirklicht insbesondere durch die Tracht, bei Festlichkeiten bzw. Anl\u00e4ssen \u00e4hnlicher Art.<\/p>\n<p>Der Verein ist selbstlos t\u00e4tig, er verfolgt nicht in erster Linie eigenwirtschaftliche Zwecke.<\/p>\n<p>Mittel des Vereins d\u00fcrfen nur f\u00fcr die satzungsm\u00e4\u00dfigen Zwecke verwendet werden.<\/p>\n<p>Die Mitglieder sind grunds\u00e4tzlich ehrenamtlich t\u00e4tig.<\/p>\n<p>Vorstands- und Ausschussmitglieder k\u00f6nnen aber im Rahmen der jeweils g\u00fcltigen gesetzlichen Pauschalen (\u00a73 Nr. 26 EStG ff) beg\u00fcnstigt werden.<\/p>\n<p>Arbeitsl\u00f6hne, Fahrten mit dem Kfz f\u00fcr Vereinsangelegenheiten au\u00dferhalb des Ortes sowie Aufwandsentsch\u00e4digungen k\u00f6nnen erstattet bzw. bezuschusst werden.<\/p>\n<p>Es darf keine Person durch Ausgaben, die dem Zweck des Vereins fremd sind oder unverh\u00e4ltnism\u00e4\u00dfig hohe Verg\u00fctung, beg\u00fcnstigt werden.<\/p>\n<p>Bei Aufl\u00f6sung oder Aufhebung des Vereins oder bei Wegfall seines bisherigen Zweckes f\u00e4llt das Verm\u00f6gen des Vereins an die Gemeinde Jachenau, f\u00fcr gemeinn\u00fctzige Zwecke, besonders f\u00fcr die Brauchtumspflege.<\/p>\n<p>&nbsp;<\/p>\n<p class=\"artikel\" style=\"text-align: center;\"><strong><u>Artikel III<\/u><\/strong><\/p>\n<p>&nbsp;<\/p>\n<h5><strong><em>Aufnahmemodalit\u00e4ten und Voraussetzungen, Einspruchsm\u00f6glichkeit.<\/em><\/strong><\/h5>\n<p>Die Aufnahme neuer Mitglieder geschieht normal in der Mitgliederversammlung bzw. am Jahrtag durch m\u00fcndliche Willensbekundung.<\/p>\n<p>\u00dcber die Aufnahme entscheidet der Vorstand mit einfacher Mehrheit.<\/p>\n<p>Bei Ablehnung kann von dem Beitrittswilligen die 2\/3 Mehrheit der Mitgliederversammlung gefordert werden. Als Mitglied kann jedes Manner oder Weiberleut&#8216; aufgenommen werden. F\u00fcr die Aufnahme ist Voraussetzung mindestens 17 Jahre, \u00e4lter oder wer im laufenden Kalenderjahr 17 wird.<\/p>\n<p>&nbsp;<\/p>\n<p class=\"artikel\" style=\"text-align: center;\"><strong><u>Artikel IV<\/u><\/strong><\/p>\n<p>&nbsp;<\/p>\n<h5><strong><em>Vereinsorgane.<\/em><\/strong><\/h5>\n<p>Vereinsorgane sind:<\/p>\n<ol class=\"abc\">\n<li>Vorstand<\/li>\n<li>Vereinsausschuss<\/li>\n<li>Mitgliederversammlung<\/li>\n<\/ol>\n<p>&nbsp;<\/p>\n<p class=\"artikel\" style=\"text-align: center;\"><strong><u>Artikel V<\/u><\/strong><\/p>\n<p>&nbsp;<\/p>\n<h5><strong><em>Aufgaben, Zusammensetzung, Definition des Vorstands, Wahl-, Vertretungs- und Stimmrecht, Ausscheiderregelung, Gesch\u00e4ftsordnung bei Vorstandssitzungen, Namen siehe Anlage 1.<\/em><\/strong><\/h5>\n<p>Der Vorstand besteht aus:<\/p>\n<ol class=\"abc\">\n<li>1. Vorsitzender<\/li>\n<li>2. Vorsitzender<\/li>\n<li>Kassier<\/li>\n<li>Schriftf\u00fchrer<\/li>\n<\/ol>\n<p>&nbsp;<\/p>\n<p>Der 1. Vorsitzende vertritt den Verein alleine, der 2. Vorsitzende vertritt den Verein zusammen mit einem weiteren Vorstandsmitglied, gerichtlich und au\u00dfergerichtlich. Im Innenverh\u00e4ltnis gilt, dass der 2. Vorsitzende den 1. Vorsitzenden bei dessen Verhinderung vertritt.<\/p>\n<p>Der Vorstand wird auf die Dauer von 3 Jahren von der Mitgliederversammlung gew\u00e4hlt und bleibt bis zur ordnungsgem\u00e4\u00dfen Neu- oder Wiederwahl im Amt.<\/p>\n<p>Scheidet ein Vorstandmitglied vor Ablauf der Amtsperiode aus, so \u00fcbernimmt dessen T\u00e4tigkeit eines der verbleibenden Vorstandsmitglieder.<\/p>\n<p>Ferner bestimmt der Vorstand mit einfacher Mehrheit das Gesch\u00e4ftsjahr. Der Vorstand f\u00fchrt die einfachen Gesch\u00e4fte im Einzelfall bis zu DM 15.000,- und die laufende Verwaltung selbstst\u00e4ndig.<\/p>\n<p>Grundst\u00fccke und die Aufnahme von Belastungen \u00fcber DM 15.000,-\u00a0 bed\u00fcrfen der Zustimmung des Vereinsausschusses.<\/p>\n<p>Diese Beschr\u00e4nkungen gelten vereinsintern, jedoch nicht gegen\u00fcber Dritten.<\/p>\n<p>Eine Vorstandssitzung kann von jedem Vorstandsmitglied einberufen werden. Eine vorherige Mitteilung des Beschlussgegenstandes ist nicht erforderlich.<\/p>\n<p>Bei Stimmengleichheit gibt die Stimme des 1. Vorsitzenden den Ausschlag.<\/p>\n<p>&nbsp;<\/p>\n<p class=\"artikel\" style=\"text-align: center;\"><strong><u>Artikel VI<\/u><\/strong><\/p>\n<p>&nbsp;<\/p>\n<h5><strong><em>Aufgaben, Definition und Zusammensetzung des Vereinsausschusses, Wahlmodus und Sitzungsordnung. Namen siehe Anlage 2.<\/em><\/strong><\/h5>\n<p>Der Vereinsausschuss besteht aus:<\/p>\n<ol class=\"abc\">\n<li>Vorstand<\/li>\n<li>1. Jugendvertreter<\/li>\n<li>2. Jugendvertreter<\/li>\n<li>1. Vorplattler<\/li>\n<li>2. Vorplattler<\/li>\n<li>F\u00e4hnrich<\/li>\n<li>Vordreherin<\/li>\n<li>Musikwart<\/li>\n<\/ol>\n<p>&nbsp;<\/p>\n<p>Soweit bei den einzelnen Sparten nichts anderes bestimmt ist, werden die Mitglieder des Vereinsausschusses gemeinsam mit dem Vorstand gew\u00e4hlt.<\/p>\n<p>Aufgabe des Vereinsausschusses ist: Die Unterst\u00fctzung und Mitwirkung bei den Vereinsgesch\u00e4ften des Vorstands. Der Vereinsausschuss tritt mindestens zweimal im Jahr zusammen oder wenn 1\/3 seiner Mitglieder dies verlangen.<\/p>\n<p>Die Mitglieder des Vereinsausschusses k\u00f6nnen zu den Vorstandssitzungen hinzugezogen werden, ohne dass sie Stimmrecht haben.<\/p>\n<p>&nbsp;<\/p>\n<p class=\"artikel\" style=\"text-align: center;\"><strong><u>Artikel VII<\/u><\/strong><\/p>\n<p>&nbsp;<\/p>\n<h5><strong><em>Aufgaben und Gesch\u00e4ftsordnung der Mitgliederversammlung, Wahlmodalit\u00e4ten, aktives und passives Wahlrecht, Rechenschaftsberichte des Vorstandes, Beschlussf\u00e4higkeit und Revisionswesen.<\/em><\/strong><\/h5>\n<p>Einmal j\u00e4hrlich findet eine Mitgliederversammlung statt. Sie w\u00e4hlt den Vereinsvorstand und den Vereinsausschuss mit der einfachen Mehrheit der anwesenden Mitglieder.<\/p>\n<p>In derselben erfolgt der Rechenschaftsbericht \u00fcber die T\u00e4tigkeiten des Vereins durch den 1. Vorsitzenden sowie \u00fcber die Einnahmen und Ausgaben durch den Kassier. Der Schriftf\u00fchrer f\u00fchrt das Mitgliederverzeichnis und f\u00fchrt Protokoll \u00fcber die T\u00e4tigkeiten des Vereins.<\/p>\n<p>Wahlberechtigt und w\u00e4hlbar sind alle Mitglieder, die im laufenden Kalenderjahr das 17. Lebensjahr vollenden werden. Die Mitgliederversammlung beschlie\u00dft \u00fcber den Vereinsbeitrag, die Entlastung des Vorstandes und den Vereinsausschuss, \u00fcber Satzungs\u00e4nderungen und alle Punkte, die Gegenstand der Tagesordnung sind.<\/p>\n<p>Die zwei Kassenpr\u00fcfer, die Vereinsmitglieder sein m\u00fcssen und dem Vereinsausschuss nicht angeh\u00f6ren d\u00fcrfen, haben der Mitgliederversammlung \u00fcber die Kassenpr\u00fcfung Bericht zu erstatten.<\/p>\n<p>Die Mitgliederversammlung wird durch den Vorstand einberufen. Diese erfolgt in Form, dass die Tagesordnung mindestens acht Tage vor dem Versammlungstag in der Zeitung \u201eT\u00f6lzer Kurier\u201c bekannt gemacht wird. Die Mitgliederversammlung ist ohne R\u00fccksicht auf die Zahl der erschienenen Mitglieder beschlussf\u00e4hig. Soweit die Satzung nichts anderes bestimmt, entscheidet sie mit einfacher Mehrheit.<\/p>\n<p>Eine au\u00dferordentliche Mitgliederversammlung ist auf schriftliches Verlangen von 1\/4 aller seit einem Jahr dem Verein angeh\u00f6renden, stimmberechtigten Mitglieder oder auf Beschluss von mindestens sieben Vereinsausschussmitgliedern einzuberufen. \u00dcber die Mitgliederversammlung ist eine Niederschrift anzufertigen, die vom Versammlungsleiter und vom Protokollf\u00fchrer zu unterzeichnen ist. Alle an dieser Versammlung anwesenden Mitglieder haben sich in eine Anwesenheitsliste einzutragen.<\/p>\n<p>&nbsp;<\/p>\n<p class=\"artikel\" style=\"text-align: center;\"><strong><u>Artikel VIII<\/u><\/strong><\/p>\n<p>&nbsp;<\/p>\n<h5><strong><em>Beitragszahlungen und Beitragsbefreiung, Vereinsausschluss nach Beitragsr\u00fcckstand.<\/em><\/strong><\/h5>\n<p>Jedes Mitglied ist zur j\u00e4hrlichen Zahlung der Vereinsbeitr\u00e4ge verpflichtet. R\u00fcckst\u00e4nde des Vereinsbeitrags ohne begr\u00fcndete Entschuldigung haben den Verlust der Mitgliedschaft zur Folge, sp\u00e4testens nach drei Jahren. Ehrenmitglieder und Rentner sowie Burschen, die den Wehrdienst ableisten, k\u00f6nnen vom Vereinsbeitrag befreit werden.<\/p>\n<p>&nbsp;<\/p>\n<p class=\"artikel\" style=\"text-align: center;\"><strong><u>Artikel IX<\/u><\/strong><\/p>\n<p>&nbsp;<\/p>\n<h5><strong><em>Vereinsausschluss durch den Vorstand, freiwilliger Austritt.<\/em><\/strong><\/h5>\n<p>Jede Ausschlie\u00dfung eines Mitgliedes muss vorher allen im Vorstand t\u00e4tigen bekannt sein. Nach dessen Meinung ist die Ausschlie\u00dfung zu vollziehen oder zu unterlassen.<\/p>\n<p>Freiwilliger Austritt aus dem Verein kann jeweils nur zum Schluss des Vereinsjahres durch m\u00fcndliche oder schriftliche Erkl\u00e4rung gegen\u00fcber dem Vorstand erfolgen.<\/p>\n<p>&nbsp;<\/p>\n<p class=\"artikel\" style=\"text-align: center;\"><strong><u>Artikel X<\/u><\/strong><\/p>\n<p>&nbsp;<\/p>\n<h5><strong><em>Religi\u00f6ser Ursprung und Charakter, Regelung bei Beerdigungen.<\/em><\/strong><\/h5>\n<p>Nach dem Ursprung und getreu seiner \u00dcberlieferung bleibt dem Verein der religi\u00f6se Charakter gewahrt, dieser ist sogar als sein Grundzug zu erkennen. Wenn ein Vereinsmitglied stirbt, so gibt der Verein mit der Fahne bei der Beerdigung das letzte Geleit. Auch wird f\u00fcr das verstorbene Mitglied eine hl. Messe gelesen.<\/p>\n<p>&nbsp;<\/p>\n<p class=\"artikel\" style=\"text-align: center;\"><strong><u>Artikel XI<\/u><\/strong><\/p>\n<p>&nbsp;<\/p>\n<h5><strong><em>Vereinsaufl\u00f6sung und anschlie\u00dfende Verm\u00f6gensverwendung.<\/em><\/strong><\/h5>\n<p>Der Verein kann durch Beschluss der Mitgliederversammlung mit 3\/4 Mehrheit der erschienenen Mitglieder aufgel\u00f6st werden. Es ist darauf R\u00fccksicht zu nehmen, wenn noch sieben Mitglieder f\u00fcr die Erhaltung stimmen, kann derselbe nicht aufgel\u00f6st werden.<\/p>\n<p>Bei Aufl\u00f6sung des Vereins f\u00e4llt das Vereinsverm\u00f6gen an die Gemeinde Jachenau. Es ist gemeinn\u00fctzigen Zwecken zuzuf\u00fchren, insbesondere der Pflege und Erhaltung heimatlichen Brauchtums in der Gemeinde Jachenau.<\/p>\n<p>&nbsp;<\/p>\n<p class=\"artikel\" style=\"text-align: center;\"><strong><u>Artikel XII<\/u><\/strong><\/p>\n<p>&nbsp;<\/p>\n<h5><strong><em>Beschlussfassung der Satzung gem\u00e4\u00df Artikel VII der Satzung und Mandatserteilung zum Eintrag des Vereins in das Vereinsregister.<\/em><\/strong><\/h5>\n<p>Diese Satzung wurde durch die Mitgliederversammlung vom 31. Mai 1993 von den anwesenden Mitgliedern des Vereins anerkannt und genehmigt und ist in das Vereinsregister beim Amtsgericht eingetragen.<\/p>\n<p><em><strong>Gem\u00e4\u00df Beschluss der Mitgliederversammlung vom 31. Mai 1993 wurde der<\/strong> <\/em><\/p>\n<p><em>Verein am 06.07.1993 unter dem Namen GEBIRGSTRACHTENVEREIN JACHENAU E. V. mit der Vereinsregisternummer 0520 in das Vereinsregister eingetragen.<\/em><\/p>\n<p><strong><em>Ort und Datum der Errichtung, Ausfertigung von acht Mitgliedern.<\/em><\/strong><\/p>\n<p>Jachenau, den 31. Mai 1993.<\/p>\n<ul>\n<li>Benedikt Fischer<br \/>\n1. Vorsitzender<\/li>\n<li>Johann Schwaiger sen.<br \/>\n2. Vorsitzender<\/li>\n<li>Rudolf Albert<br \/>\nGeistlicher Rat<br \/>\nPfarrer der Gemeinde Jachenau<\/li>\n<li>Kaspar Danner sen.<br \/>\n1. B\u00fcrgermeister der Gemeinde Jachenau<\/li>\n<li>Georg Kiefersauer<br \/>\n2. B\u00fcrgermeister der Gemeinde Jachenau<\/li>\n<li>Josef Schalch<br \/>\nEhrenmitglied<\/li>\n<li>Josef Happach<br \/>\nEhrenmitglied<\/li>\n<li>Anton Mayr<br \/>\nKassier<\/li>\n<\/ul>\n<p>[\/vc_column_text][\/vc_column][\/vc_row][vc_row][vc_column][vc_separator color=&#8220;mulled_wine&#8220;][\/vc_column][\/vc_row][vc_row][vc_column][vc_column_text]<\/p>\n<p class=\"artikel\"><strong><u>Anlage 1:<\/u><\/strong><\/p>\n<h5 style=\"text-align: center;\"><strong><u>Name und Anschrift der<br \/>\nMitglieder des Vorstandes des<br \/>\n<\/u><\/strong><strong><u>GEBIRGSTRACHTENVEREINS JACHENAU E.V.<br \/>\n<\/u><\/strong><strong><u>Gem\u00e4\u00df Artikel V der Satzung vom<br \/>\n31. Mai 1993<\/u><\/strong><\/h5>\n<p>&nbsp;<\/p>\n<p style=\"text-align: center;\">1. Vorsitzender<br \/>\nAndreas Orterer<br \/>\nRechen 18<br \/>\n83676 Jachenau<\/p>\n<p style=\"text-align: center;\">2. Vorsitzender<br \/>\nJosef Schwaiger<br \/>\nB\u00e4cker 18<br \/>\n83676 Jachenau<\/p>\n<p style=\"text-align: center;\">1. Kassiererin<br \/>\nBrigitte Wolf<br \/>\nH\u00f6fen 21 1\/3<br \/>\n83676 Jachenau<\/p>\n<p style=\"text-align: center;\">Schriftf\u00fchrerin<br \/>\nStefanie Willibald<br \/>\nWieden 14<br \/>\n83676 Jachenau<\/p>\n<p>[\/vc_column_text][\/vc_column][\/vc_row][vc_row][vc_column][vc_separator color=&#8220;mulled_wine&#8220;][\/vc_column][\/vc_row][vc_row][vc_column][vc_column_text]<\/p>\n<p class=\"artikel\"><strong><u>Anlage 2:<\/u><\/strong><\/p>\n<h5 style=\"text-align: center;\"><strong><em><u>Name und Anschrift der<br \/>\nMitglieder des Vereinsausschusses des<br \/>\nGEBIRGSTRACHTENVEREINS JACHENAU E.V.<br \/>\nGem\u00e4\u00df Artikel VI der Satzung vom<br \/>\n31. Mai 1993<\/u><\/em><\/strong><\/h5>\n<p>&nbsp;<\/p>\n<p style=\"text-align: center;\"><strong>Jugendvertreter<\/strong><br \/>\nJakob Kohlhauf jun.<br \/>\nH\u00f6fen 18 1\/3<br \/>\n83676 Jachenau<\/p>\n<p style=\"text-align: center;\"><strong>1. Vorplattler<\/strong><br \/>\nJosef Ortlieb<br \/>\nB\u00e4cker 11<br \/>\n83676 Jachenau<\/p>\n<p style=\"text-align: center;\"><strong>2. Vorplattler<\/strong><br \/>\nChristian Danner<br \/>\nH\u00f6fen 21 1\/2<br \/>\n83676 Jachenau<\/p>\n<p style=\"text-align: center;\"><strong>F\u00e4hnrich<\/strong><br \/>\nAnton Kohlhauf<br \/>\nH\u00f6fen 18 1\/3<br \/>\n83676 Jachenau<\/p>\n<p style=\"text-align: center;\"><strong>Vordreherin<\/strong><br \/>\nAnna Oswald<br \/>\nKircheggarten5<br \/>\n83676 Jachenau<\/p>\n<p>&nbsp;<\/p>\n<p>Sowie alle <strong><em>VORSTANDSMITGLIEDER <\/em><\/strong>gem\u00e4\u00df Anlage 1.[\/vc_column_text][\/vc_column][\/vc_row]<\/p>\n<\/div>","protected":false},"excerpt":{"rendered":"<p>[vc_row full_width=&#8220;stretch_row_content_no_spaces&#8220; css=&#8220;.vc_custom_1522874373904{margin-top: -50px !important;background-image: url(http:\/\/trachtenverein-jachenau.de\/wordpress\/wp-content\/uploads\/2018\/03\/Sonnental-Jachenau.jpg?id=157) !important;background-position: center !important;background-repeat: no-repeat !important;background-size: cover !important;}&#8220; el_class=&#8220;headertrachtenverein&#8220;][vc_column][vc_empty_space height=&#8220;300px&#8220;][\/vc_column][\/vc_row][vc_row][vc_column][vc_column_text el_class=&#8220;ueberschriften&#8220;] Statuten [\/vc_column_text][\/vc_column][\/vc_row][vc_row][vc_column][vc_column_text] Beiblatt 1 in der Fassung vom 20. Mai 2013 Anmerkungen: Die in Kursiv gedruckten Teile des nachfolgenden Wortlautes der Satzung sind, ebenso wie die Anlagen, nicht Bestandteil der Satzung in der Fassung vom 31. Mai 1993. Bei&#8230;<\/p>\n","protected":false},"author":1,"featured_media":0,"parent":0,"menu_order":0,"comment_status":"closed","ping_status":"closed","template":"visual-composer.php","meta":{"footnotes":""},"class_list":["post-11","page","type-page","status-publish","hentry"],"jetpack_sharing_enabled":true,"jetpack_shortlink":"https:\/\/wp.me\/P9NVvq-b","_links":{"self":[{"href":"http:\/\/trachtenverein-jachenau.de\/wordpress\/wp-json\/wp\/v2\/pages\/11","targetHints":{"allow":["GET"]}}],"collection":[{"href":"http:\/\/trachtenverein-jachenau.de\/wordpress\/wp-json\/wp\/v2\/pages"}],"about":[{"href":"http:\/\/trachtenverein-jachenau.de\/wordpress\/wp-json\/wp\/v2\/types\/page"}],"author":[{"embeddable":true,"href":"http:\/\/trachtenverein-jachenau.de\/wordpress\/wp-json\/wp\/v2\/users\/1"}],"replies":[{"embeddable":true,"href":"http:\/\/trachtenverein-jachenau.de\/wordpress\/wp-json\/wp\/v2\/comments?post=11"}],"version-history":[{"count":28,"href":"http:\/\/trachtenverein-jachenau.de\/wordpress\/wp-json\/wp\/v2\/pages\/11\/revisions"}],"predecessor-version":[{"id":1229,"href":"http:\/\/trachtenverein-jachenau.de\/wordpress\/wp-json\/wp\/v2\/pages\/11\/revisions\/1229"}],"wp:attachment":[{"href":"http:\/\/trachtenverein-jachenau.de\/wordpress\/wp-json\/wp\/v2\/media?parent=11"}],"curies":[{"name":"wp","href":"https:\/\/api.w.org\/{rel}","templated":true}]}}